{"id":307,"date":"2024-12-20T18:08:23","date_gmt":"2024-12-20T09:08:23","guid":{"rendered":"http:\/\/aceeglobal.jp\/?page_id=307"},"modified":"2025-06-13T02:33:25","modified_gmt":"2025-06-12T17:33:25","slug":"news","status":"publish","type":"page","link":"https:\/\/aceeglobal.jp\/vi\/news\/","title":{"rendered":"Tin t\u1ee9c"},"content":{"rendered":"<div data-elementor-type=\"wp-page\" data-elementor-id=\"307\" class=\"elementor elementor-307\" data-elementor-post-type=\"page\">\n\t\t\t\t<div class=\"elementor-element elementor-element-bb4b027 e-flex e-con-boxed e-con e-parent\" data-id=\"bb4b027\" data-element_type=\"container\" data-settings=\"{&quot;background_background&quot;:&quot;classic&quot;}\">\n\t\t\t\t\t<div class=\"e-con-inner\">\n\t\t\t\t<div class=\"elementor-element elementor-element-a713df0 elementor-widget elementor-widget-heading\" data-id=\"a713df0\" data-element_type=\"widget\" data-widget_type=\"heading.default\">\n\t\t\t\t<div class=\"elementor-widget-container\">\n\t\t\t<h2 class=\"elementor-heading-title elementor-size-default\">Tin t\u1ee9c<\/h2>\t\t<\/div>\n\t\t\t\t<\/div>\n\t\t\t\t<div class=\"elementor-element elementor-element-39b0468 elementor-widget elementor-widget-image\" data-id=\"39b0468\" data-element_type=\"widget\" data-widget_type=\"image.default\">\n\t\t\t\t<div class=\"elementor-widget-container\">\n\t\t\t\t\t\t\t\t\t\t\t\t\t<img fetchpriority=\"high\" decoding=\"async\" width=\"1536\" height=\"456\" src=\"https:\/\/aceeglobal.jp\/wp-content\/uploads\/2024\/10\/Rectangle-9841-1536x456.png\" class=\"attachment-1536x1536 size-1536x1536 wp-image-1452\" alt=\"\" srcset=\"https:\/\/aceeglobal.jp\/wp-content\/uploads\/2024\/10\/Rectangle-9841-1536x456.png 1536w, https:\/\/aceeglobal.jp\/wp-content\/uploads\/2024\/10\/Rectangle-9841-300x89.png 300w, https:\/\/aceeglobal.jp\/wp-content\/uploads\/2024\/10\/Rectangle-9841-1024x304.png 1024w, https:\/\/aceeglobal.jp\/wp-content\/uploads\/2024\/10\/Rectangle-9841-768x228.png 768w, https:\/\/aceeglobal.jp\/wp-content\/uploads\/2024\/10\/Rectangle-9841-18x5.png 18w, https:\/\/aceeglobal.jp\/wp-content\/uploads\/2024\/10\/Rectangle-9841.png 1908w\" sizes=\"(max-width: 1536px) 100vw, 1536px\" \/>\t\t\t\t\t\t\t\t\t\t\t\t\t<\/div>\n\t\t\t\t<\/div>\n\t\t\t\t\t<\/div>\n\t\t\t\t<\/div>\n\t\t<div class=\"elementor-element elementor-element-ec37360 e-flex e-con-boxed e-con e-parent\" data-id=\"ec37360\" data-element_type=\"container\">\n\t\t\t\t\t<div class=\"e-con-inner\">\n\t\t\t\t<div class=\"elementor-element elementor-element-34622e2 elementor-grid-3 elementor-grid-tablet-2 elementor-grid-mobile-1 elementor-posts--thumbnail-top elementor-card-shadow-yes elementor-posts__hover-gradient elementor-widget elementor-widget-posts\" data-id=\"34622e2\" data-element_type=\"widget\" data-settings=\"{&quot;pagination_type&quot;:&quot;numbers_and_prev_next&quot;,&quot;cards_masonry&quot;:&quot;yes&quot;,&quot;cards_columns&quot;:&quot;3&quot;,&quot;cards_columns_tablet&quot;:&quot;2&quot;,&quot;cards_columns_mobile&quot;:&quot;1&quot;,&quot;cards_row_gap&quot;:{&quot;unit&quot;:&quot;px&quot;,&quot;size&quot;:35,&quot;sizes&quot;:[]},&quot;cards_row_gap_tablet&quot;:{&quot;unit&quot;:&quot;px&quot;,&quot;size&quot;:&quot;&quot;,&quot;sizes&quot;:[]},&quot;cards_row_gap_mobile&quot;:{&quot;unit&quot;:&quot;px&quot;,&quot;size&quot;:&quot;&quot;,&quot;sizes&quot;:[]}}\" data-widget_type=\"posts.cards\">\n\t\t\t\t<div class=\"elementor-widget-container\">\n\t\t\t\t\t<div class=\"elementor-posts-container elementor-posts elementor-posts--skin-cards elementor-grid\">\n\t\t\t\t<article class=\"elementor-post elementor-grid-item post-1149 post type-post status-publish format-standard has-post-thumbnail hentry category-9\">\n\t\t\t<div class=\"elementor-post__card\">\n\t\t\t\t<a class=\"elementor-post__thumbnail__link\" href=\"https:\/\/aceeglobal.jp\/vi\/%e6%b1%82%e4%ba%ba%e6%83%85%e5%a0%b1\/\" tabindex=\"-1\" ><div class=\"elementor-post__thumbnail\"><img decoding=\"async\" width=\"150\" height=\"150\" src=\"https:\/\/aceeglobal.jp\/wp-content\/uploads\/2024\/03\/pexels-olly-3760069-150x150.jpg\" class=\"attachment-thumbnail size-thumbnail wp-image-1860\" alt=\"\" \/><\/div><\/a>\n\t\t\t\t<div class=\"elementor-post__badge\">Tuy\u1ec3n d\u1ee5ng<\/div>\n\t\t\t\t<div class=\"elementor-post__text\">\n\t\t\t\t<h3 class=\"elementor-post__title\">\n\t\t\t<a href=\"https:\/\/aceeglobal.jp\/vi\/%e6%b1%82%e4%ba%ba%e6%83%85%e5%a0%b1\/\" >\n\t\t\t\tTH\u00d4NG TIN TUY\u1ec2N D\u1ee4NG\t\t\t<\/a>\n\t\t<\/h3>\n\t\t\t\t<div class=\"elementor-post__excerpt\">\n\t\t\t<p>Nghi\u1ec7p \u0111o\u00e0n h\u1ed7 tr\u1ee3 ACE c\u1ea7n tuy\u1ec3n Qu\u1ea3n l\u00fd nghi\u1ec7p \u0111o\u00e0n ti\u1ebfp th\u1ef1c t\u1eadp sinh k\u1ef9 n\u0103ng<br \/>\nH\u00ecnh th\u1ee9c tuy\u1ec3n d\u1ee5ng:Nh\u00e2n vi\u00ean ch\u00ednh th\u1ee9c (1 ng\u01b0\u1eddi)<br \/>\nQu\u1ed1c t\u1ecbch: Ng\u01b0\u1eddi Nh\u1eadt ho\u1eb7c ng\u01b0\u1eddi Vi\u1ec7t Nam<br \/>\n\uff1cY\u00eau c\u1ea7u\uff1e<br \/>\n\u30fbC\u00f3 kinh nghi\u1ec7m l\u00e0m qu\u1ea3n l\u00fd nghi\u1ec7p \u0111o\u00e0n ti\u1ebfp nh\u1eadn th\u1ef1c t\u1eadp sinh<br \/>\n\u30fbK\u1ef9 n\u0103ng s\u1eed d\u1ee5ng m\u00e1y t\u00ednh<br \/>\n\u30fbC\u00f3 b\u1eb1ng l\u00e1i xe \u00f4 t\u00f4<\/p>\n\t\t<\/div>\n\t\t\n\t\t<a class=\"elementor-post__read-more\" href=\"https:\/\/aceeglobal.jp\/vi\/%e6%b1%82%e4%ba%ba%e6%83%85%e5%a0%b1\/\" aria-label=\"Read more about \u6c42\u4eba\u60c5\u5831\" tabindex=\"-1\" >\n\t\t\tChi ti\u1ebft \u3009\t\t<\/a>\n\n\t\t\t\t<\/div>\n\t\t\t\t<div class=\"elementor-post__meta-data\">\n\t\t\t\t\t<span class=\"elementor-post-date\">\n\t\t\tNg\u00e0y 7 th\u00e1ng 3 n\u0103m 2025\t\t<\/span>\n\t\t\t\t<\/div>\n\t\t\t\t\t<\/div>\n\t\t<\/article>\n\t\t\t\t<article class=\"elementor-post elementor-grid-item post-1097 post type-post status-publish format-standard has-post-thumbnail hentry category-blogs\">\n\t\t\t<div class=\"elementor-post__card\">\n\t\t\t\t<a class=\"elementor-post__thumbnail__link\" href=\"https:\/\/aceeglobal.jp\/vi\/%e6%8a%80%e8%83%bd%e5%ae%9f%e7%bf%92%e5%88%b6%e5%ba%a6%e3%81%ae%e7%8f%be%e7%8a%b6\/\" tabindex=\"-1\" ><div class=\"elementor-post__thumbnail\"><img decoding=\"async\" width=\"150\" height=\"150\" src=\"https:\/\/aceeglobal.jp\/wp-content\/uploads\/2024\/12\/collaborative-process-of-multicultural-businesspeople-150x150.jpg\" class=\"attachment-thumbnail size-thumbnail wp-image-1099\" alt=\"\" \/><\/div><\/a>\n\t\t\t\t<div class=\"elementor-post__badge\">Blog<\/div>\n\t\t\t\t<div class=\"elementor-post__text\">\n\t\t\t\t<h3 class=\"elementor-post__title\">\n\t\t\t<a href=\"https:\/\/aceeglobal.jp\/vi\/%e6%8a%80%e8%83%bd%e5%ae%9f%e7%bf%92%e5%88%b6%e5%ba%a6%e3%81%ae%e7%8f%be%e7%8a%b6\/\" >\n\t\t\t\tHi\u1ec7n tr\u1ea1ng ch\u1ebf \u0111\u1ed9 th\u1ef1c t\u1eadp sinh k\u1ef9 n\u0103ng\t\t\t<\/a>\n\t\t<\/h3>\n\t\t\t\t<div class=\"elementor-post__excerpt\">\n\t\t\t<p>S\u1ed1 l\u01b0\u1ee3ng th\u1ef1c t\u1eadp sinh k\u1ef9 thu\u1eadt t\u00ednh \u0111\u1ebfn cu\u1ed1i th\u00e1ng 6 n\u0103m 2020 l\u00e0 425.714 ng\u01b0\u1eddi<br \/>\n&nbsp;<br \/>\nC\u00e1c qu\u1ed1c gia c\u00f3 s\u1ed1 l\u01b0\u1ee3ng th\u1ef1c t\u1eadp sinh nhi\u1ec1u nh\u1ea5t \u2460 Vi\u1ec7t Nam \u2461Indonesia \u2462Philippine.<\/p>\n\t\t<\/div>\n\t\t\n\t\t<a class=\"elementor-post__read-more\" href=\"https:\/\/aceeglobal.jp\/vi\/%e6%8a%80%e8%83%bd%e5%ae%9f%e7%bf%92%e5%88%b6%e5%ba%a6%e3%81%ae%e7%8f%be%e7%8a%b6\/\" aria-label=\"Read more about \u6280\u80fd\u5b9f\u7fd2\u5236\u5ea6\u306e\u73fe\u72b6\" tabindex=\"-1\" >\n\t\t\tChi ti\u1ebft \u3009\t\t<\/a>\n\n\t\t\t\t<\/div>\n\t\t\t\t<div class=\"elementor-post__meta-data\">\n\t\t\t\t\t<span class=\"elementor-post-date\">\n\t\t\tNg\u00e0y 27 th\u00e1ng 12 n\u0103m 2024\t\t<\/span>\n\t\t\t\t<\/div>\n\t\t\t\t\t<\/div>\n\t\t<\/article>\n\t\t\t\t<article class=\"elementor-post elementor-grid-item post-1150 post type-post status-publish format-standard has-post-thumbnail hentry category-blogs\">\n\t\t\t<div class=\"elementor-post__card\">\n\t\t\t\t<a class=\"elementor-post__thumbnail__link\" href=\"https:\/\/aceeglobal.jp\/vi\/%e6%9c%80%e4%bd%8e%e8%b3%83%e9%87%91%e3%81%ae%e6%94%b9%e5%ae%9a\/\" tabindex=\"-1\" ><div class=\"elementor-post__thumbnail\"><img loading=\"lazy\" decoding=\"async\" width=\"150\" height=\"150\" src=\"https:\/\/aceeglobal.jp\/wp-content\/uploads\/2024\/12\/AdobeStock_559448210-1-1-150x150.jpeg\" class=\"attachment-thumbnail size-thumbnail wp-image-1169\" alt=\"\" \/><\/div><\/a>\n\t\t\t\t<div class=\"elementor-post__badge\">Blog<\/div>\n\t\t\t\t<div class=\"elementor-post__text\">\n\t\t\t\t<h3 class=\"elementor-post__title\">\n\t\t\t<a href=\"https:\/\/aceeglobal.jp\/vi\/%e6%9c%80%e4%bd%8e%e8%b3%83%e9%87%91%e3%81%ae%e6%94%b9%e5%ae%9a\/\" >\n\t\t\t\tS\u1eeda \u0111\u1ed5i m\u1ee9c l\u01b0\u01a1ng t\u1ed1i thi\u1ec3u\t\t\t<\/a>\n\t\t<\/h3>\n\t\t\t\t<div class=\"elementor-post__excerpt\">\n\t\t\t<p>T\u1eeb ng\u00e0y 1 th\u00e1ng 10 n\u0103m 2024, m\u1ee9c l\u01b0\u01a1ng t\u1ed1i thi\u1ec3u trung b\u00ecnh tr\u00ean to\u00e0n qu\u1ed1c \u0111\u00e3 \u0111\u01b0\u1ee3c t\u0103ng l\u00ean 1.055 y\u00ean m\u1ed7i gi\u1edd. So v\u1edbi n\u0103m 2023, \u0111\u00e3 t\u0103ng 51 y\u00ean, \u0111\u1ed3ng th\u1eddi l\u00e0 m\u1ee9c t\u0103ng cao nh\u1ea5t k\u1ec3 t\u1eeb tr\u01b0\u1edbc \u0111\u1ebfn nay.<\/p>\n\t\t<\/div>\n\t\t\n\t\t<a class=\"elementor-post__read-more\" href=\"https:\/\/aceeglobal.jp\/vi\/%e6%9c%80%e4%bd%8e%e8%b3%83%e9%87%91%e3%81%ae%e6%94%b9%e5%ae%9a\/\" aria-label=\"Read more about \u6700\u4f4e\u8cc3\u91d1\u306e\u6539\u5b9a\" tabindex=\"-1\" >\n\t\t\tChi ti\u1ebft \u3009\t\t<\/a>\n\n\t\t\t\t<\/div>\n\t\t\t\t<div class=\"elementor-post__meta-data\">\n\t\t\t\t\t<span class=\"elementor-post-date\">\n\t\t\tNg\u00e0y 1 th\u00e1ng 10 n\u0103m 2024\t\t<\/span>\n\t\t\t\t<\/div>\n\t\t\t\t\t<\/div>\n\t\t<\/article>\n\t\t\t\t<\/div>\n\t\t\n\t\t\t\t<div class=\"e-load-more-anchor\" data-page=\"1\" data-max-page=\"2\" data-next-page=\"https:\/\/aceeglobal.jp\/vi\/wp-json\/wp\/v2\/pages\/307\/page\/2\/\"><\/div>\n\t\t\t\t<nav class=\"elementor-pagination\" aria-label=\"Pagination\">\n\t\t\t<span class=\"page-numbers prev\"><<\/span>\n<span aria-current=\"page\" class=\"page-numbers current\"><span class=\"elementor-screen-only\">Page<\/span>1<\/span>\n<a class=\"page-numbers\" href=\"https:\/\/aceeglobal.jp\/vi\/wp-json\/wp\/v2\/pages\/307\/page\/2\/\"><span class=\"elementor-screen-only\">Page<\/span>2<\/a>\n<a class=\"page-numbers next\" href=\"https:\/\/aceeglobal.jp\/vi\/wp-json\/wp\/v2\/pages\/307\/page\/2\/\">><\/a>\t\t<\/nav>\n\t\t\t\t<\/div>\n\t\t\t\t<\/div>\n\t\t\t\t\t<\/div>\n\t\t\t\t<\/div>\n\t\t\t\t<\/div>","protected":false},"excerpt":{"rendered":"<p>Tin t\u1ee9c<\/p>","protected":false},"author":1,"featured_media":0,"parent":0,"menu_order":0,"comment_status":"closed","ping_status":"closed","template":"","meta":{"footnotes":""},"class_list":["post-307","page","type-page","status-publish","hentry"],"_links":{"self":[{"href":"https:\/\/aceeglobal.jp\/vi\/wp-json\/wp\/v2\/pages\/307","targetHints":{"allow":["GET"]}}],"collection":[{"href":"https:\/\/aceeglobal.jp\/vi\/wp-json\/wp\/v2\/pages"}],"about":[{"href":"https:\/\/aceeglobal.jp\/vi\/wp-json\/wp\/v2\/types\/page"}],"author":[{"embeddable":true,"href":"https:\/\/aceeglobal.jp\/vi\/wp-json\/wp\/v2\/users\/1"}],"replies":[{"embeddable":true,"href":"https:\/\/aceeglobal.jp\/vi\/wp-json\/wp\/v2\/comments?post=307"}],"version-history":[{"count":101,"href":"https:\/\/aceeglobal.jp\/vi\/wp-json\/wp\/v2\/pages\/307\/revisions"}],"predecessor-version":[{"id":1934,"href":"https:\/\/aceeglobal.jp\/vi\/wp-json\/wp\/v2\/pages\/307\/revisions\/1934"}],"wp:attachment":[{"href":"https:\/\/aceeglobal.jp\/vi\/wp-json\/wp\/v2\/media?parent=307"}],"curies":[{"name":"wp","href":"https:\/\/api.w.org\/{rel}","templated":true}]}}