{"id":302,"date":"2024-12-20T18:07:37","date_gmt":"2024-12-20T09:07:37","guid":{"rendered":"http:\/\/aceeglobal.jp\/?page_id=302"},"modified":"2025-11-28T03:41:01","modified_gmt":"2025-11-27T18:41:01","slug":"about","status":"publish","type":"page","link":"https:\/\/aceeglobal.jp\/vi\/about\/","title":{"rendered":"Kh\u00e1i qu\u00e1t v\u1ec1 Nghi\u1ec7p \u0111o\u00e0n"},"content":{"rendered":"<div data-elementor-type=\"wp-page\" data-elementor-id=\"302\" class=\"elementor elementor-302\" data-elementor-post-type=\"page\">\n\t\t\t\t<div class=\"elementor-element elementor-element-366f0d7 e-flex e-con-boxed e-con e-parent\" data-id=\"366f0d7\" data-element_type=\"container\" data-settings=\"{&quot;background_background&quot;:&quot;classic&quot;}\">\n\t\t\t\t\t<div class=\"e-con-inner\">\n\t\t<div class=\"elementor-element elementor-element-77e7f71b e-flex e-con-boxed e-con e-child\" data-id=\"77e7f71b\" data-element_type=\"container\">\n\t\t\t\t\t<div class=\"e-con-inner\">\n\t\t<div class=\"elementor-element elementor-element-dd72d10 e-con-full e-flex e-con e-child\" data-id=\"dd72d10\" data-element_type=\"container\">\n\t\t<div class=\"elementor-element elementor-element-b722d19 e-con-full e-flex e-con e-child\" data-id=\"b722d19\" data-element_type=\"container\">\n\t\t\t\t<div class=\"elementor-element elementor-element-3fb9a01 elementor-widget elementor-widget-heading\" data-id=\"3fb9a01\" data-element_type=\"widget\" data-widget_type=\"heading.default\">\n\t\t\t\t<div class=\"elementor-widget-container\">\n\t\t\t<h1 class=\"elementor-heading-title elementor-size-default\">S\u1ee9 m\u1ec7nh<\/h1>\t\t<\/div>\n\t\t\t\t<\/div>\n\t\t\t\t<div class=\"elementor-element elementor-element-46c7e44 elementor-widget-divider--view-line elementor-widget elementor-widget-divider\" data-id=\"46c7e44\" data-element_type=\"widget\" data-widget_type=\"divider.default\">\n\t\t\t\t<div class=\"elementor-widget-container\">\n\t\t\t\t\t<div class=\"elementor-divider\">\n\t\t\t<span class=\"elementor-divider-separator\">\n\t\t\t\t\t\t<\/span>\n\t\t<\/div>\n\t\t\t\t<\/div>\n\t\t\t\t<\/div>\n\t\t\t\t<div class=\"elementor-element elementor-element-6ccf4cd2 elementor-widget elementor-widget-heading\" data-id=\"6ccf4cd2\" data-element_type=\"widget\" data-settings=\"{&quot;_animation&quot;:&quot;none&quot;}\" data-widget_type=\"heading.default\">\n\t\t\t\t<div class=\"elementor-widget-container\">\n\t\t\t<p class=\"elementor-heading-title elementor-size-default\">&nbsp;&nbsp;&nbsp;&nbsp;S\u1ef1 th\u00e0nh c\u00f4ng c\u1ee7a m\u1ed7i c\u00e1 nh\u00e2n \u0111\u00f3ng vai tr\u00f2 quan tr\u1ecdng v\u00e0o s\u1ef1 ph\u00e1t tri\u1ec3n doanh nghi\u1ec7p, \u0111\u1ea5t n\u01b0\u1edbc. Ch\u00fang t\u00f4i mong mu\u1ed1n t\u1ea1o ra m\u1ed9t m\u00f4i tr\u01b0\u1eddng t\u1ed1t, h\u1ed7 tr\u1ee3 cho nh\u1eefng b\u1ea1n tr\u1ebb ng\u01b0\u1eddi n\u01b0\u1edbc ngo\u00e0i c\u00f3 mong mu\u1ed1n \u0111\u01b0\u1ee3c h\u1ecdc t\u1eadp v\u00e0 l\u00e0m vi\u1ec7c t\u1ea1i Nh\u1eadt, h\u1ed7 tr\u1ee3 doanh nghi\u1ec7p trong vi\u1ec7c qu\u1ea3n l\u00fd ngu\u1ed3n lao \u0111\u1ed9ng ng\u01b0\u1eddi n\u01b0\u1edbc ngo\u00e0i. Th\u00f4ng qua \u0111\u00f3, g\u00f3p ph\u1ea7n v\u00e0o vi\u1ec7c mang k\u1ef9 thu\u1eadt ti\u00ean ti\u1ebfn c\u1ee7a Nh\u1eadt B\u1ea3n \u0111\u1ebfn v\u1edbi c\u00e1c qu\u1ed1c gia \u0111ang ph\u00e1t tri\u1ec3n x\u00e2y d\u1ef1ng m\u1ed9t th\u1ebf gi\u1edbi th\u1ecbnh v\u01b0\u1ee3ng h\u01a1n n\u1eefa.<\/p>\t\t<\/div>\n\t\t\t\t<\/div>\n\t\t\t\t<\/div>\n\t\t<div class=\"elementor-element elementor-element-f3e55d6 e-con-full e-flex e-con e-child\" data-id=\"f3e55d6\" data-element_type=\"container\">\n\t\t\t\t<\/div>\n\t\t\t\t<\/div>\n\t\t\t\t\t<\/div>\n\t\t\t\t<\/div>\n\t\t\t\t\t<\/div>\n\t\t\t\t<\/div>\n\t\t<div class=\"elementor-element elementor-element-91347b8 e-flex e-con-boxed e-con e-parent\" data-id=\"91347b8\" data-element_type=\"container\">\n\t\t\t\t\t<div class=\"e-con-inner\">\n\t\t\t\t<div class=\"elementor-element elementor-element-1cded0c elementor-widget elementor-widget-heading\" data-id=\"1cded0c\" data-element_type=\"widget\" data-widget_type=\"heading.default\">\n\t\t\t\t<div class=\"elementor-widget-container\">\n\t\t\t<h2 class=\"elementor-heading-title elementor-size-default\">Kh\u00e1i qu\u00e1t v\u1ec1 nghi\u1ec7p \u0111o\u00e0n<\/h2>\t\t<\/div>\n\t\t\t\t<\/div>\n\t\t<div class=\"elementor-element elementor-element-d9d5549 e-con-full e-flex e-con e-child\" data-id=\"d9d5549\" data-element_type=\"container\">\n\t\t\t\t<div class=\"elementor-element elementor-element-afabbbf elementor-widget-divider--view-line elementor-widget elementor-widget-divider\" data-id=\"afabbbf\" data-element_type=\"widget\" data-widget_type=\"divider.default\">\n\t\t\t\t<div class=\"elementor-widget-container\">\n\t\t\t\t\t<div class=\"elementor-divider\">\n\t\t\t<span class=\"elementor-divider-separator\">\n\t\t\t\t\t\t<\/span>\n\t\t<\/div>\n\t\t\t\t<\/div>\n\t\t\t\t<\/div>\n\t\t\t\t<div class=\"elementor-element elementor-element-a5df87a elementor-widget-divider--view-line elementor-widget elementor-widget-divider\" data-id=\"a5df87a\" data-element_type=\"widget\" data-widget_type=\"divider.default\">\n\t\t\t\t<div class=\"elementor-widget-container\">\n\t\t\t\t\t<div class=\"elementor-divider\">\n\t\t\t<span class=\"elementor-divider-separator\">\n\t\t\t\t\t\t<\/span>\n\t\t<\/div>\n\t\t\t\t<\/div>\n\t\t\t\t<\/div>\n\t\t\t\t<\/div>\n\t\t\t\t\t<\/div>\n\t\t\t\t<\/div>\n\t\t<div class=\"elementor-element elementor-element-3c8c07c e-flex e-con-boxed e-con e-parent\" data-id=\"3c8c07c\" data-element_type=\"container\">\n\t\t\t\t\t<div class=\"e-con-inner\">\n\t\t\t\t<div class=\"elementor-element elementor-element-8d37e8a elementor-widget elementor-widget-html\" data-id=\"8d37e8a\" data-element_type=\"widget\" data-widget_type=\"html.default\">\n\t\t\t\t<div class=\"elementor-widget-container\">\n\t\t\t<table class=\"responsive-table\">\r\n    <tr>\r\n        <th>M\u00e3 s\u1ed1 ph\u00e1p nh\u00e2n<\/t89h>\r\n        <td>0 4 0 0 - 0 5 - 0 0 4 7 9 3<\/td>\r\n    <\/tr>\r\n    <tr>\r\n        <th>T\u00ean g\u1ecdi<\/th>\r\n        <td>NGHI\u1ec6P \u0110O\u00c0N H\u1ed6 TR\u1ee2 ACE<\/td>\r\n    <\/tr>\r\n    <tr>\r\n        <th>\u0110\u1ecba ch\u1ec9<\/th>\r\n        <td>272-0832 Chiba ken, Ichikawa shi, Soya 7-29-7<\/td>\r\n    <\/tr>\r\n    <tr>\r\n        <th>\u0110i\u1ec7n Tho\u1ea1i<\/th>\r\n        <td>070-3159-7337<\/td>\r\n    <\/tr>\r\n    <tr>\r\n        <th>FAX<\/th>\r\n        <td><\/td>\r\n    <\/tr>\r\n    <tr>\r\n        <th>Gi\u00e1m \u0111\u1ed1c \u0111\u1ea1i di\u1ec7n<\/th>\r\n        <td>Ph\u1ea1m Th\u1ecb Nhung<\/td>\r\n    <\/tr>\r\n     <tr class=\"hide-on-mobile\">\r\n        <th style=\"background-color: #fff; border: none\"><\/th>\r\n        <td style=\"background-color: #fff; border: none\"><\/td>\r\n    <\/tr>\r\n    <tr>\r\n        <th>N\u1ed9i dung c\u00f4ng vi\u1ec7c<\/th>\r\n        <td>\r\n            <ul>\r\n                <li>(1) \u0110\u1eb7t th\u1ea7u chung v\u00e0 m\u00f4i gi\u1edbi \u0111\u1eb7t th\u1ea7u cho c\u00e1c c\u00f4ng tr\u00ecnh x\u00e2y d\u1ef1ng do h\u1ed9i vi\u00ean th\u1ef1c hi\u1ec7n.<\/li>\r\n                <li>(2) Mua b\u00e1n chung c\u00e1c v\u1eadt li\u1ec7u m\u00e0 h\u1ed9i vi\u00ean s\u1eed d\u1ee5ng.<\/li>\r\n                <li>(3) C\u00e1c c\u00f4ng vi\u1ec7c ti\u1ebfp nh\u1eadn chung th\u1ef1c t\u1eadp sinh k\u1ef9 n\u0103ng ng\u01b0\u1eddi n\u01b0\u1edbc ngo\u00e0i cho c\u00e1c h\u1ed9i vi\u00ean.<\/li>\r\n                <li>(4) C\u00e1c c\u00f4ng vi\u1ec7c gi\u1edbi thi\u1ec7u ngh\u1ec1 nghi\u1ec7p li\u00ean quan \u0111\u1ebfn vi\u1ec7c ti\u1ebfp nh\u1eadn th\u1ef1c t\u1eadp sinh k\u1ef9 n\u0103ng ng\u01b0\u1eddi n\u01b0\u1edbc ngo\u00e0i.<\/li>\r\n                <li>(5) Cung c\u1ea5p gi\u00e1o d\u1ee5c v\u00e0 th\u00f4ng tin nh\u1eb1m c\u1ea3i thi\u1ec7n v\u00e0 n\u00e2ng cao k\u1ef9 thu\u1eadt v\u00e0 qu\u1ea3n l\u00fd li\u00ean quan \u0111\u1ebfn c\u00e1c ho\u1ea1t \u0111\u1ed9ng c\u1ee7a h\u1ed9i vi\u00ean, ho\u1eb7c nh\u1eb1m ph\u1ed5 bi\u1ebfn ki\u1ebfn th\u1ee9c li\u00ean quan \u0111\u1ebfn c\u00e1c ho\u1ea1t \u0111\u1ed9ng c\u1ee7a h\u1ed9i vi\u00ean.<\/li>\r\n                <li>(6) C\u00e1c c\u00f4ng vi\u1ec7c li\u00ean quan \u0111\u1ebfn ph\u00fac l\u1ee3i c\u1ee7a h\u1ed9i vi\u00ean.<\/li>\r\n                <li>(7) C\u00e1c c\u00f4ng vi\u1ec7c li\u00ean quan \u0111\u1ebfn c\u00e1c ho\u1ea1t \u0111\u1ed9ng ph\u1ee5 tr\u1ee3 c\u1ee7a c\u00e1c c\u00f4ng vi\u1ec7c \u0111\u00e3 n\u00eau \u1edf c\u00e1c m\u1ee5c tr\u00ean.<\/li>\r\n            <\/ul>\r\n        <\/td>\r\n    <\/tr>\r\n    <tr>\r\n        <th>Khu v\u1ef1c h\u1ed9i vi\u00ean<\/th>\r\n        <td>Tokyo, Chiba, Saitama, Kanagawa, Gifu<\/td>\r\n    <\/tr>\r\n    <tr>\r\n        <th>Ng\u00e0nh ngh\u1ec1 c\u1ee7a h\u1ed9i vi\u00ean<\/th>\r\n        <td>S\u1ea3n xu\u1ea5t qu\u1ea7n \u00e1o ph\u1ee5 n\u1eef v\u00e0 qu\u1ea7n \u00e1o tr\u1ebb em.<\/td>\r\n    <\/tr>\r\n<\/table>\t\t<\/div>\n\t\t\t\t<\/div>\n\t\t\t\t\t<\/div>\n\t\t\t\t<\/div>\n\t\t<div class=\"elementor-element elementor-element-e129dba e-flex e-con-boxed e-con e-parent\" data-id=\"e129dba\" data-element_type=\"container\">\n\t\t\t\t\t<div class=\"e-con-inner\">\n\t\t\t\t<div class=\"elementor-element elementor-element-4b098f2 elementor-widget elementor-widget-heading\" data-id=\"4b098f2\" data-element_type=\"widget\" data-widget_type=\"heading.default\">\n\t\t\t\t<div class=\"elementor-widget-container\">\n\t\t\t<h2 class=\"elementor-heading-title elementor-size-default\">C\u00e1c ng\u00e0nh ngh\u1ec1 \u0111ang ti\u1ebfp nh\u1eadn<\/h2>\t\t<\/div>\n\t\t\t\t<\/div>\n\t\t<div class=\"elementor-element elementor-element-d1b4b2d e-con-full e-flex e-con e-child\" data-id=\"d1b4b2d\" data-element_type=\"container\">\n\t\t\t\t<div class=\"elementor-element elementor-element-fb0c8aa elementor-widget-divider--view-line elementor-widget elementor-widget-divider\" data-id=\"fb0c8aa\" data-element_type=\"widget\" data-widget_type=\"divider.default\">\n\t\t\t\t<div class=\"elementor-widget-container\">\n\t\t\t\t\t<div class=\"elementor-divider\">\n\t\t\t<span class=\"elementor-divider-separator\">\n\t\t\t\t\t\t<\/span>\n\t\t<\/div>\n\t\t\t\t<\/div>\n\t\t\t\t<\/div>\n\t\t\t\t<div class=\"elementor-element elementor-element-3396f51 elementor-widget-divider--view-line elementor-widget elementor-widget-divider\" data-id=\"3396f51\" data-element_type=\"widget\" data-widget_type=\"divider.default\">\n\t\t\t\t<div class=\"elementor-widget-container\">\n\t\t\t\t\t<div class=\"elementor-divider\">\n\t\t\t<span class=\"elementor-divider-separator\">\n\t\t\t\t\t\t<\/span>\n\t\t<\/div>\n\t\t\t\t<\/div>\n\t\t\t\t<\/div>\n\t\t\t\t<\/div>\n\t\t\t\t\t<\/div>\n\t\t\t\t<\/div>\n\t\t<div class=\"elementor-element elementor-element-445b18d4 e-flex e-con-boxed e-con e-parent\" data-id=\"445b18d4\" data-element_type=\"container\" data-settings=\"{&quot;background_background&quot;:&quot;classic&quot;}\">\n\t\t\t\t\t<div class=\"e-con-inner\">\n\t\t<div class=\"elementor-element elementor-element-0f02462 e-con-full e-flex e-con e-child\" data-id=\"0f02462\" data-element_type=\"container\">\n\t\t<div class=\"elementor-element elementor-element-368a090a e-con-full e-flex e-con e-child\" data-id=\"368a090a\" data-element_type=\"container\">\n\t\t\t\t<div class=\"elementor-element elementor-element-4f20381 elementor-widget elementor-widget-text-editor\" data-id=\"4f20381\" data-element_type=\"widget\" data-widget_type=\"text-editor.default\">\n\t\t\t\t<div class=\"elementor-widget-container\">\n\t\t\t\t\t\t\t<p>\u00a0 T\u1ed5 ch\u1ee9c ch\u00fang t\u00f4i \u0111ang ho\u1ea1t \u0111\u1ed9ng trong l\u0129nh v\u1ef1c s\u1ea3n xu\u1ea5t qu\u1ea7n \u00e1o ph\u1ee5 n\u1eef v\u00e0 qu\u1ea7n \u00e1o tr\u1ebb em.<\/p>\t\t\t\t\t\t<\/div>\n\t\t\t\t<\/div>\n\t\t\t\t<\/div>\n\t\t\t\t<div class=\"elementor-element elementor-element-11c18f0 elementor-widget__width-initial elementor-widget elementor-widget-image\" data-id=\"11c18f0\" data-element_type=\"widget\" data-widget_type=\"image.default\">\n\t\t\t\t<div class=\"elementor-widget-container\">\n\t\t\t\t\t\t\t\t\t\t<figure class=\"wp-caption\">\n\t\t\t\t\t\t\t\t\t\t<img fetchpriority=\"high\" decoding=\"async\" width=\"500\" height=\"279\" src=\"https:\/\/aceeglobal.jp\/wp-content\/uploads\/2024\/12\/0b1010788c380a3ed38bc4426e8a37bd.jpg\" class=\"attachment-large size-large wp-image-914\" alt=\"\" srcset=\"https:\/\/aceeglobal.jp\/wp-content\/uploads\/2024\/12\/0b1010788c380a3ed38bc4426e8a37bd.jpg 500w, https:\/\/aceeglobal.jp\/wp-content\/uploads\/2024\/12\/0b1010788c380a3ed38bc4426e8a37bd-300x167.jpg 300w, https:\/\/aceeglobal.jp\/wp-content\/uploads\/2024\/12\/0b1010788c380a3ed38bc4426e8a37bd-18x10.jpg 18w\" sizes=\"(max-width: 500px) 100vw, 500px\" \/>\t\t\t\t\t\t\t\t\t\t\t<figcaption class=\"widget-image-caption wp-caption-text\">S\u1ea3n xu\u1ea5t \u00e1o kho\u00e1c ngo\u00e0i, \u00e1o s\u01a1 mi<br>(Kh\u00f4ng bao g\u1ed3m lo\u1ea1i truy\u1ec1n th\u1ed1ng Nh\u1eadt B\u1ea3n)<\/figcaption>\n\t\t\t\t\t\t\t\t\t\t<\/figure>\n\t\t\t\t\t\t\t<\/div>\n\t\t\t\t<\/div>\n\t\t\t\t<\/div>\n\t\t\t\t\t<\/div>\n\t\t\t\t<\/div>\n\t\t<div class=\"elementor-element elementor-element-af36512 e-flex e-con-boxed e-con e-parent\" data-id=\"af36512\" data-element_type=\"container\">\n\t\t\t\t\t<div class=\"e-con-inner\">\n\t\t\t\t<div class=\"elementor-element elementor-element-d676097 elementor-widget elementor-widget-heading\" data-id=\"d676097\" data-element_type=\"widget\" data-widget_type=\"heading.default\">\n\t\t\t\t<div class=\"elementor-widget-container\">\n\t\t\t<h2 class=\"elementor-heading-title elementor-size-default\">C\u00e1c qu\u1ed1c gia li\u00ean k\u1ebft ti\u1ebfp nh\u1eadn th\u1ef1c t\u1eadp sinh<\/h2>\t\t<\/div>\n\t\t\t\t<\/div>\n\t\t<div class=\"elementor-element elementor-element-a322113 e-con-full e-flex e-con e-child\" data-id=\"a322113\" data-element_type=\"container\">\n\t\t\t\t<div class=\"elementor-element elementor-element-174efec elementor-widget-divider--view-line elementor-widget elementor-widget-divider\" data-id=\"174efec\" data-element_type=\"widget\" data-widget_type=\"divider.default\">\n\t\t\t\t<div class=\"elementor-widget-container\">\n\t\t\t\t\t<div class=\"elementor-divider\">\n\t\t\t<span class=\"elementor-divider-separator\">\n\t\t\t\t\t\t<\/span>\n\t\t<\/div>\n\t\t\t\t<\/div>\n\t\t\t\t<\/div>\n\t\t\t\t<div class=\"elementor-element elementor-element-1b74e15 elementor-widget-divider--view-line elementor-widget elementor-widget-divider\" data-id=\"1b74e15\" data-element_type=\"widget\" data-widget_type=\"divider.default\">\n\t\t\t\t<div class=\"elementor-widget-container\">\n\t\t\t\t\t<div class=\"elementor-divider\">\n\t\t\t<span class=\"elementor-divider-separator\">\n\t\t\t\t\t\t<\/span>\n\t\t<\/div>\n\t\t\t\t<\/div>\n\t\t\t\t<\/div>\n\t\t\t\t<\/div>\n\t\t\t\t\t<\/div>\n\t\t\t\t<\/div>\n\t\t<div class=\"elementor-element elementor-element-2a5dd48 e-flex e-con-boxed e-con e-parent\" data-id=\"2a5dd48\" data-element_type=\"container\">\n\t\t\t\t\t<div class=\"e-con-inner\">\n\t\t\t\t<div class=\"elementor-element elementor-element-b12a98d elementor-widget elementor-widget-text-editor\" data-id=\"b12a98d\" data-element_type=\"widget\" data-widget_type=\"text-editor.default\">\n\t\t\t\t<div class=\"elementor-widget-container\">\n\t\t\t\t\t\t\t<p style=\"text-align: left;\">Nghi\u1ec7p \u0111o\u00e0n c\u1ee7a ch\u00fang t\u00f4i hi\u1ec7n \u0111ang ti\u1ebfp nh\u1eadn th\u1ef1c t\u1eadp sinh t\u1eeb Vi\u1ec7t Nam, v\u00e0 trong t\u01b0\u01a1ng lai c\u00f3 k\u1ebf ho\u1ea1ch m\u1edf r\u1ed9ng sang c\u00e1c qu\u1ed1c gia kh\u00e1c.<\/p>\t\t\t\t\t\t<\/div>\n\t\t\t\t<\/div>\n\t\t<div class=\"elementor-element elementor-element-10c4392 e-con-full e-flex e-con e-child\" data-id=\"10c4392\" data-element_type=\"container\">\n\t\t<div class=\"elementor-element elementor-element-046b175 e-con-full e-flex e-con e-child\" data-id=\"046b175\" data-element_type=\"container\">\n\t\t\t\t<div class=\"elementor-element elementor-element-a638fe9 elementor-widget elementor-widget-image\" data-id=\"a638fe9\" data-element_type=\"widget\" data-widget_type=\"image.default\">\n\t\t\t\t<div class=\"elementor-widget-container\">\n\t\t\t\t\t\t\t\t\t\t<figure class=\"wp-caption\">\n\t\t\t\t\t\t\t\t\t\t<img decoding=\"async\" width=\"450\" height=\"300\" src=\"https:\/\/aceeglobal.jp\/wp-content\/uploads\/2024\/12\/adaabed5e0f97edb3b10d1fba064c08f.png\" class=\"attachment-large size-large wp-image-954\" alt=\"\" srcset=\"https:\/\/aceeglobal.jp\/wp-content\/uploads\/2024\/12\/adaabed5e0f97edb3b10d1fba064c08f.png 450w, https:\/\/aceeglobal.jp\/wp-content\/uploads\/2024\/12\/adaabed5e0f97edb3b10d1fba064c08f-300x200.png 300w, https:\/\/aceeglobal.jp\/wp-content\/uploads\/2024\/12\/adaabed5e0f97edb3b10d1fba064c08f-18x12.png 18w\" sizes=\"(max-width: 450px) 100vw, 450px\" \/>\t\t\t\t\t\t\t\t\t\t\t<figcaption class=\"widget-image-caption wp-caption-text\">Vi\u1ec7t Nam<\/figcaption>\n\t\t\t\t\t\t\t\t\t\t<\/figure>\n\t\t\t\t\t\t\t<\/div>\n\t\t\t\t<\/div>\n\t\t\t\t<\/div>\n\t\t\t\t<\/div>\n\t\t\t\t\t<\/div>\n\t\t\t\t<\/div>\n\t\t<div class=\"elementor-element elementor-element-2910555 e-flex e-con-boxed e-con e-parent\" data-id=\"2910555\" data-element_type=\"container\">\n\t\t\t\t\t<div class=\"e-con-inner\">\n\t\t\t\t<div class=\"elementor-element elementor-element-f67325e elementor-widget elementor-widget-heading\" data-id=\"f67325e\" data-element_type=\"widget\" data-widget_type=\"heading.default\">\n\t\t\t\t<div class=\"elementor-widget-container\">\n\t\t\t<h2 class=\"elementor-heading-title elementor-size-default\">H\u00ecnh \u1ea3nh v\u1ec1 nghi\u1ec7p \u0111o\u00e0n<\/h2>\t\t<\/div>\n\t\t\t\t<\/div>\n\t\t<div class=\"elementor-element elementor-element-c1dad70 e-con-full e-flex e-con e-child\" data-id=\"c1dad70\" data-element_type=\"container\">\n\t\t\t\t<div class=\"elementor-element elementor-element-c6f3b2d elementor-widget-divider--view-line elementor-widget elementor-widget-divider\" data-id=\"c6f3b2d\" data-element_type=\"widget\" data-widget_type=\"divider.default\">\n\t\t\t\t<div class=\"elementor-widget-container\">\n\t\t\t\t\t<div class=\"elementor-divider\">\n\t\t\t<span class=\"elementor-divider-separator\">\n\t\t\t\t\t\t<\/span>\n\t\t<\/div>\n\t\t\t\t<\/div>\n\t\t\t\t<\/div>\n\t\t\t\t<div class=\"elementor-element elementor-element-aa075d5 elementor-widget-divider--view-line elementor-widget elementor-widget-divider\" data-id=\"aa075d5\" data-element_type=\"widget\" data-widget_type=\"divider.default\">\n\t\t\t\t<div class=\"elementor-widget-container\">\n\t\t\t\t\t<div class=\"elementor-divider\">\n\t\t\t<span class=\"elementor-divider-separator\">\n\t\t\t\t\t\t<\/span>\n\t\t<\/div>\n\t\t\t\t<\/div>\n\t\t\t\t<\/div>\n\t\t\t\t<\/div>\n\t\t\t\t\t<\/div>\n\t\t\t\t<\/div>\n\t\t<div class=\"elementor-element elementor-element-5becbae e-flex e-con-boxed e-con e-parent\" data-id=\"5becbae\" data-element_type=\"container\">\n\t\t\t\t\t<div class=\"e-con-inner\">\n\t\t\t\t<div class=\"elementor-element elementor-element-1a24a35 elementor-widget elementor-widget-text-editor\" data-id=\"1a24a35\" data-element_type=\"widget\" data-widget_type=\"text-editor.default\">\n\t\t\t\t<div class=\"elementor-widget-container\">\n\t\t\t\t\t\t\t<p>V\u0103n ph\u00f2ng nghi\u1ec7p \u0111o\u00e0n<\/p>\t\t\t\t\t\t<\/div>\n\t\t\t\t<\/div>\n\t\t\t\t\t<\/div>\n\t\t\t\t<\/div>\n\t\t<div class=\"elementor-element elementor-element-23e7dfc e-flex e-con-boxed e-con e-parent\" data-id=\"23e7dfc\" data-element_type=\"container\">\n\t\t\t\t\t<div class=\"e-con-inner\">\n\t\t<div class=\"elementor-element elementor-element-88d753e e-con-full e-flex e-con e-child\" data-id=\"88d753e\" data-element_type=\"container\">\n\t\t\t\t<div class=\"elementor-element elementor-element-1cd0086 elementor-widget elementor-widget-image\" data-id=\"1cd0086\" data-element_type=\"widget\" data-widget_type=\"image.default\">\n\t\t\t\t<div class=\"elementor-widget-container\">\n\t\t\t\t\t\t\t\t\t\t\t\t\t<img decoding=\"async\" width=\"200\" height=\"300\" src=\"https:\/\/aceeglobal.jp\/wp-content\/uploads\/2025\/11\/vp1-200x300.jpg\" class=\"attachment-medium size-medium wp-image-2011\" alt=\"\" srcset=\"https:\/\/aceeglobal.jp\/wp-content\/uploads\/2025\/11\/vp1-200x300.jpg 200w, https:\/\/aceeglobal.jp\/wp-content\/uploads\/2025\/11\/vp1-683x1024.jpg 683w, https:\/\/aceeglobal.jp\/wp-content\/uploads\/2025\/11\/vp1-768x1152.jpg 768w, https:\/\/aceeglobal.jp\/wp-content\/uploads\/2025\/11\/vp1-8x12.jpg 8w, https:\/\/aceeglobal.jp\/wp-content\/uploads\/2025\/11\/vp1.jpg 1024w\" sizes=\"(max-width: 200px) 100vw, 200px\" \/>\t\t\t\t\t\t\t\t\t\t\t\t\t<\/div>\n\t\t\t\t<\/div>\n\t\t\t\t<\/div>\n\t\t<div class=\"elementor-element elementor-element-1809556 e-con-full e-flex e-con e-child\" data-id=\"1809556\" data-element_type=\"container\">\n\t\t\t\t<div class=\"elementor-element elementor-element-1f95c66 elementor-widget elementor-widget-image\" data-id=\"1f95c66\" data-element_type=\"widget\" data-widget_type=\"image.default\">\n\t\t\t\t<div class=\"elementor-widget-container\">\n\t\t\t\t\t\t\t\t\t\t\t\t\t<img loading=\"lazy\" decoding=\"async\" width=\"800\" height=\"534\" src=\"https:\/\/aceeglobal.jp\/wp-content\/uploads\/2025\/11\/VP2-1-1.png\" class=\"attachment-large size-large wp-image-2013\" alt=\"\" srcset=\"https:\/\/aceeglobal.jp\/wp-content\/uploads\/2025\/11\/VP2-1-1.png 800w, https:\/\/aceeglobal.jp\/wp-content\/uploads\/2025\/11\/VP2-1-1-300x200.png 300w, https:\/\/aceeglobal.jp\/wp-content\/uploads\/2025\/11\/VP2-1-1-768x513.png 768w, https:\/\/aceeglobal.jp\/wp-content\/uploads\/2025\/11\/VP2-1-1-18x12.png 18w\" sizes=\"(max-width: 800px) 100vw, 800px\" \/>\t\t\t\t\t\t\t\t\t\t\t\t\t<\/div>\n\t\t\t\t<\/div>\n\t\t\t\t<\/div>\n\t\t\t\t\t<\/div>\n\t\t\t\t<\/div>\n\t\t<div class=\"elementor-element elementor-element-8bc43eb e-flex e-con-boxed e-con e-parent\" data-id=\"8bc43eb\" data-element_type=\"container\">\n\t\t\t\t\t<div class=\"e-con-inner\">\n\t\t\t\t<div class=\"elementor-element elementor-element-c5c4806 elementor-widget elementor-widget-heading\" data-id=\"c5c4806\" data-element_type=\"widget\" data-widget_type=\"heading.default\">\n\t\t\t\t<div class=\"elementor-widget-container\">\n\t\t\t<h2 class=\"elementor-heading-title elementor-size-default\">\u0110\u01b0\u1eddng \u0111\u1ebfn v\u0103n ph\u00f2ng<\/h2>\t\t<\/div>\n\t\t\t\t<\/div>\n\t\t<div class=\"elementor-element elementor-element-1b99eea e-con-full e-flex e-con e-child\" data-id=\"1b99eea\" data-element_type=\"container\">\n\t\t\t\t<div class=\"elementor-element elementor-element-666eb17 elementor-widget-divider--view-line elementor-widget elementor-widget-divider\" data-id=\"666eb17\" data-element_type=\"widget\" data-widget_type=\"divider.default\">\n\t\t\t\t<div class=\"elementor-widget-container\">\n\t\t\t\t\t<div class=\"elementor-divider\">\n\t\t\t<span class=\"elementor-divider-separator\">\n\t\t\t\t\t\t<\/span>\n\t\t<\/div>\n\t\t\t\t<\/div>\n\t\t\t\t<\/div>\n\t\t\t\t<div class=\"elementor-element elementor-element-332ffe9 elementor-widget-divider--view-line elementor-widget elementor-widget-divider\" data-id=\"332ffe9\" data-element_type=\"widget\" data-widget_type=\"divider.default\">\n\t\t\t\t<div class=\"elementor-widget-container\">\n\t\t\t\t\t<div class=\"elementor-divider\">\n\t\t\t<span class=\"elementor-divider-separator\">\n\t\t\t\t\t\t<\/span>\n\t\t<\/div>\n\t\t\t\t<\/div>\n\t\t\t\t<\/div>\n\t\t\t\t<\/div>\n\t\t\t\t\t<\/div>\n\t\t\t\t<\/div>\n\t\t<div class=\"elementor-element elementor-element-ed89a5c e-flex e-con-boxed e-con e-parent\" data-id=\"ed89a5c\" data-element_type=\"container\">\n\t\t\t\t\t<div class=\"e-con-inner\">\n\t\t\t\t<div class=\"elementor-element elementor-element-4992a00 elementor-widget elementor-widget-text-editor\" data-id=\"4992a00\" data-element_type=\"widget\" data-widget_type=\"text-editor.default\">\n\t\t\t\t<div class=\"elementor-widget-container\">\n\t\t\t\t\t\t\t<p><strong>V\u0103n ph\u00f2ng<\/strong><\/p><p>272-0832 Chiba ken, Ichikawa shi, Soya 7-29-7<br \/>TEL: 070-3159-7337<\/p><p><img loading=\"lazy\" decoding=\"async\" class=\"alignnone wp-image-765\" src=\"https:\/\/aceeglobal.jp\/wp-content\/uploads\/2024\/12\/Vector.png\" alt=\"\" width=\"16\" height=\"16\" srcset=\"https:\/\/aceeglobal.jp\/wp-content\/uploads\/2024\/12\/Vector.png 34w, https:\/\/aceeglobal.jp\/wp-content\/uploads\/2024\/12\/Vector-12x12.png 12w\" sizes=\"(max-width: 16px) 100vw, 16px\" \/>Ph\u01b0\u01a1ng ti\u1ec7n c\u00f4ng c\u1ed9ng: T\u1eeb ga Kitakokubun \u0111i b\u1ed9 35 ph\u00fat<\/p><p><img loading=\"lazy\" decoding=\"async\" class=\"alignnone wp-image-764\" src=\"Ti\u1ebfng vi\u1ec7t: \u00d4 t\u00f4: T\u1eeb \u0110\u01b0\u1eddng cao t\u1ed1c Tokyo Tokyo Gaikaku Kanjo\u300cIchikawa Chuo IC\u300d4 ph\u00fat\" alt=\"\" width=\"18\" height=\"16\" srcset=\"https:\/\/aceeglobal.jp\/wp-content\/uploads\/2024\/12\/Vector-1.png 37w, https:\/\/aceeglobal.jp\/wp-content\/uploads\/2024\/12\/Vector-1-13x12.png 13w\" sizes=\"(max-width: 18px) 100vw, 18px\" \/> \u00d4 t\u00f4: T\u1eeb \u0110\u01b0\u1eddng cao t\u1ed1c Tokyo Tokyo Gaikaku Kanjo\u300cIchikawa Chuo IC\u300d4 ph\u00fat<\/p>\t\t\t\t\t\t<\/div>\n\t\t\t\t<\/div>\n\t\t\t\t\t<\/div>\n\t\t\t\t<\/div>\n\t\t<div class=\"elementor-element elementor-element-4416f10 e-con-full e-flex e-con e-child\" data-id=\"4416f10\" data-element_type=\"container\">\n\t\t\t\t<div class=\"elementor-element elementor-element-4b33987 elementor-widget-divider--view-line elementor-widget elementor-widget-divider\" data-id=\"4b33987\" data-element_type=\"widget\" data-widget_type=\"divider.default\">\n\t\t\t\t<div class=\"elementor-widget-container\">\n\t\t\t\t\t<div class=\"elementor-divider\">\n\t\t\t<span class=\"elementor-divider-separator\">\n\t\t\t\t\t\t<\/span>\n\t\t<\/div>\n\t\t\t\t<\/div>\n\t\t\t\t<\/div>\n\t\t\t\t<\/div>\n\t\t\t\t<\/div>","protected":false},"excerpt":{"rendered":"<p>\u4f7f\u547d &nbsp;&nbsp;&nbsp;&nbsp;\u5404\u500b\u4eba\u306e\u6210\u529f\u306f\u3001\u4f01\u696d\u3084\u56fd\u306e\u767a\u5c55\u306b\u3068\u3063\u3066\u91cd\u8981\u306a\u5f79\u5272\u3092\u679c\u305f\u3057 [&hellip;]<\/p>","protected":false},"author":1,"featured_media":0,"parent":0,"menu_order":0,"comment_status":"closed","ping_status":"closed","template":"","meta":{"footnotes":""},"class_list":["post-302","page","type-page","status-publish","hentry"],"_links":{"self":[{"href":"https:\/\/aceeglobal.jp\/vi\/wp-json\/wp\/v2\/pages\/302","targetHints":{"allow":["GET"]}}],"collection":[{"href":"https:\/\/aceeglobal.jp\/vi\/wp-json\/wp\/v2\/pages"}],"about":[{"href":"https:\/\/aceeglobal.jp\/vi\/wp-json\/wp\/v2\/types\/page"}],"author":[{"embeddable":true,"href":"https:\/\/aceeglobal.jp\/vi\/wp-json\/wp\/v2\/users\/1"}],"replies":[{"embeddable":true,"href":"https:\/\/aceeglobal.jp\/vi\/wp-json\/wp\/v2\/comments?post=302"}],"version-history":[{"count":173,"href":"https:\/\/aceeglobal.jp\/vi\/wp-json\/wp\/v2\/pages\/302\/revisions"}],"predecessor-version":[{"id":2048,"href":"https:\/\/aceeglobal.jp\/vi\/wp-json\/wp\/v2\/pages\/302\/revisions\/2048"}],"wp:attachment":[{"href":"https:\/\/aceeglobal.jp\/vi\/wp-json\/wp\/v2\/media?parent=302"}],"curies":[{"name":"wp","href":"https:\/\/api.w.org\/{rel}","templated":true}]}}